{"id":140,"date":"2017-11-22T23:32:02","date_gmt":"2017-11-22T23:32:02","guid":{"rendered":"http:\/\/uromed.pl\/?page_id=140"},"modified":"2024-01-05T19:58:53","modified_gmt":"2024-01-05T19:58:53","slug":"szpital","status":"publish","type":"page","link":"https:\/\/uromed.pl\/","title":{"rendered":""},"content":{"rendered":"\n<div class=\"wp-block-group\"><div class=\"wp-block-group__inner-container is-layout-flow wp-block-group-is-layout-flow\">\n<div class=\"wp-block-group\"><div class=\"wp-block-group__inner-container is-layout-flow wp-block-group-is-layout-flow\">\n<p class=\"has-small-font-size\">Od 2002 roku dbamy o zdrowie Naszych Pacjent\u00f3w. Dok\u0142adamy wszelkich stara\u0144, aby nasz Zesp\u00f3\u0142 by\u0142 dla Pa\u0144stwa pomocny, a otoczenie mi\u0142e i przyjazne. Leczenia odbywa si\u0119 w specjalistycznych poradniach (w ramach um\u00f3w z NFZ) a tak\u017ce w specjalistycznych gabinetach prywatnych. Zapewniamy konsultacje wysokiej klasy specjalist\u00f3w. Pacjent\u00f3w leczymy zgodnie z najwy\u017cszymi standardami \u015bwiatowej medycyny. Zesp\u00f3\u0142 Naszych Lekarzy stale si\u0119 powi\u0119ksza. Do wykonywania specjalistycznych bada\u0144 i zabieg\u00f3w wykorzystywana jest nowoczesna aparatura medyczna. Wykonujemy szereg zabieg\u00f3w operacyjnych o profilu urologicznym , ortopedycznym i chirurgicznym .(zabiegi prywatne). Stale poszerzamy nasz\u0105 ofert\u0119.<\/p>\n\n\n\n<div class=\"wp-block-buttons alignfull is-layout-flex wp-block-buttons-is-layout-flex\">\n<div class=\"wp-block-button is-style-fill alignleft\"><a class=\"wp-block-button__link has-pale-cyan-blue-background-color has-background wp-element-button\" href=\"https:\/\/sklep.alablaboratoria.pl\/badania?punkty_id=9961\">ALAB -Laboratorium<\/a><\/div>\n<\/div>\n<\/div><\/div>\n<\/div><\/div>\n\n\n\n<p class=\"has-text-align-center has-medium-font-size\"><a href=\"https:\/\/uromed.pl\/?page_id=982\">PORADNIE SPECJALISTYCZNE<\/a><\/p>\n\n\n\n<div class=\"wp-block-group\"><div class=\"wp-block-group__inner-container is-layout-flow wp-block-group-is-layout-flow\">\n<figure class=\"wp-block-gallery has-nested-images columns-default is-cropped wp-block-gallery-1 is-layout-flex wp-block-gallery-is-layout-flex\">\n<figure class=\"wp-block-image size-large\"><img loading=\"lazy\" decoding=\"async\" width=\"1024\" height=\"768\" data-id=\"173\" src=\"https:\/\/uromed.pl\/wp-content\/uploads\/2021\/01\/20170209_093255-1024x768.jpg\" alt=\"\" class=\"wp-image-173\" srcset=\"https:\/\/uromed.pl\/wp-content\/uploads\/2021\/01\/20170209_093255-1024x768.jpg 1024w, https:\/\/uromed.pl\/wp-content\/uploads\/2021\/01\/20170209_093255-300x225.jpg 300w, https:\/\/uromed.pl\/wp-content\/uploads\/2021\/01\/20170209_093255-768x576.jpg 768w, https:\/\/uromed.pl\/wp-content\/uploads\/2021\/01\/20170209_093255-1536x1152.jpg 1536w, https:\/\/uromed.pl\/wp-content\/uploads\/2021\/01\/20170209_093255-2048x1536.jpg 2048w\" sizes=\"auto, (max-width: 1024px) 100vw, 1024px\" \/><figcaption class=\"wp-element-caption\">Blok operacyjny<\/figcaption><\/figure>\n\n\n\n<figure class=\"wp-block-image size-large\"><img loading=\"lazy\" decoding=\"async\" width=\"1024\" height=\"768\" data-id=\"101\" src=\"https:\/\/uromed.pl\/wp-content\/uploads\/2017\/11\/20170921_133705-1024x768.jpg\" alt=\"\" class=\"wp-image-101\" srcset=\"https:\/\/uromed.pl\/wp-content\/uploads\/2017\/11\/20170921_133705-1024x768.jpg 1024w, https:\/\/uromed.pl\/wp-content\/uploads\/2017\/11\/20170921_133705-300x225.jpg 300w, https:\/\/uromed.pl\/wp-content\/uploads\/2017\/11\/20170921_133705-768x576.jpg 768w\" sizes=\"auto, (max-width: 1024px) 100vw, 1024px\" \/><figcaption class=\"wp-element-caption\">Przychodnia POZ<\/figcaption><\/figure>\n\n\n\n<figure class=\"wp-block-image size-large\"><img loading=\"lazy\" decoding=\"async\" width=\"1024\" height=\"768\" data-id=\"98\" src=\"https:\/\/uromed.pl\/wp-content\/uploads\/2017\/11\/20170126_085604-1024x768.jpg\" alt=\"\" class=\"wp-image-98\" srcset=\"https:\/\/uromed.pl\/wp-content\/uploads\/2017\/11\/20170126_085604-1024x768.jpg 1024w, https:\/\/uromed.pl\/wp-content\/uploads\/2017\/11\/20170126_085604-300x225.jpg 300w, https:\/\/uromed.pl\/wp-content\/uploads\/2017\/11\/20170126_085604-768x576.jpg 768w\" sizes=\"auto, (max-width: 1024px) 100vw, 1024px\" \/><figcaption class=\"wp-element-caption\">Pracownia Eswl<\/figcaption><\/figure>\n<figcaption class=\"blocks-gallery-caption wp-element-caption\"><br><\/figcaption><\/figure>\n<\/div><\/div>\n\n\n\n<p><\/p>\n\n\n\n<p class=\"has-text-align-center\"><a href=\"https:\/\/uromed.pl\/?page_id=402\"><strong>GABINETY DO WYNAJ\u0118CIA-Galeria<\/strong><\/a><\/p>\n\n\n\n<div class=\"wp-block-buttons is-layout-flex wp-block-buttons-is-layout-flex\"><\/div>\n\n\n\n<div class=\"wp-block-buttons is-layout-flex wp-block-buttons-is-layout-flex\"><\/div>\n","protected":false},"excerpt":{"rendered":"<p>Od 2002 roku dbamy o zdrowie Naszych Pacjent\u00f3w. Dok\u0142adamy wszelkich stara\u0144, aby nasz Zesp\u00f3\u0142 by\u0142 dla Pa\u0144stwa pomocny, a otoczenie mi\u0142e i przyjazne. Leczenia odbywa si\u0119 w specjalistycznych poradniach (w ramach um\u00f3w z NFZ) a tak\u017ce w specjalistycznych gabinetach prywatnych. Zapewniamy konsultacje wysokiej klasy specjalist\u00f3w. Pacjent\u00f3w leczymy zgodnie z najwy\u017cszymi standardami \u015bwiatowej medycyny. Zesp\u00f3\u0142 Naszych Lekarzy stale si\u0119 powi\u0119ksza. Do [&hellip;]<\/p>\n","protected":false},"author":2,"featured_media":769,"parent":0,"menu_order":0,"comment_status":"closed","ping_status":"closed","template":"","meta":{"footnotes":""},"class_list":["post-140","page","type-page","status-publish","has-post-thumbnail","hentry"],"_links":{"self":[{"href":"https:\/\/uromed.pl\/index.php?rest_route=\/wp\/v2\/pages\/140","targetHints":{"allow":["GET"]}}],"collection":[{"href":"https:\/\/uromed.pl\/index.php?rest_route=\/wp\/v2\/pages"}],"about":[{"href":"https:\/\/uromed.pl\/index.php?rest_route=\/wp\/v2\/types\/page"}],"author":[{"embeddable":true,"href":"https:\/\/uromed.pl\/index.php?rest_route=\/wp\/v2\/users\/2"}],"replies":[{"embeddable":true,"href":"https:\/\/uromed.pl\/index.php?rest_route=%2Fwp%2Fv2%2Fcomments&post=140"}],"version-history":[{"count":53,"href":"https:\/\/uromed.pl\/index.php?rest_route=\/wp\/v2\/pages\/140\/revisions"}],"predecessor-version":[{"id":1137,"href":"https:\/\/uromed.pl\/index.php?rest_route=\/wp\/v2\/pages\/140\/revisions\/1137"}],"wp:featuredmedia":[{"embeddable":true,"href":"https:\/\/uromed.pl\/index.php?rest_route=\/wp\/v2\/media\/769"}],"wp:attachment":[{"href":"https:\/\/uromed.pl\/index.php?rest_route=%2Fwp%2Fv2%2Fmedia&parent=140"}],"curies":[{"name":"wp","href":"https:\/\/api.w.org\/{rel}","templated":true}]}}